{"id":32,"date":"2020-07-03T19:45:37","date_gmt":"2020-07-03T19:45:37","guid":{"rendered":"https:\/\/www.estanteriasdealmacen.com\/politica-de-cookies\/"},"modified":"2020-07-03T19:57:20","modified_gmt":"2020-07-03T19:57:20","slug":"politica-de-cookies","status":"publish","type":"page","link":"https:\/\/www.estanteriasdealmacen.com\/ca\/politica-de-cookies\/","title":{"rendered":"Pol\u00edtica de cookies"},"content":{"rendered":"<p><strong>POL\u00cdTICA DE COOKIES<\/strong><\/p>\n<p>En aquesta secci\u00f3 trobar\u00e0s la informaci\u00f3 sobre les cookies que es poden enviar o generar en usar aquest servei, aix\u00ed com el seu \u00fas i finalitat.<\/p>\n<p>Aquest servei web, com la majoria dels llocs a Internet, fa servir galetes per millorar i optimitzar l\u2019experi\u00e8ncia de l\u2019usuari. A continuaci\u00f3 trobar\u00e0s informaci\u00f3 detallada sobre qu\u00e8 s\u00f3n les \u201cgaletes\u201d, quina tipologia utilitza aquest lloc web, com pots desactivar-les en el teu navegador i com bloquejar espec\u00edficament la instal\u00b7laci\u00f3 de Cookies de tercers.<\/p>\n<div class=\"entry-content\">\n<p><strong>Qu\u00e8 s\u00f3n les galetes i com les utilitza aquest lloc web?<\/strong><\/p>\n<p>Les galetes s\u00f3n fitxers que el lloc web o l\u2019aplicaci\u00f3 que utilitzes \u00b7 la al navegador o al teu dispositiu (smartphone, tauleta o televisi\u00f3 connectada) durant el teu recorregut per les p\u00e0gines o per l\u2019aplicaci\u00f3, i serveixen per emmagatzemar informaci\u00f3 sobre la teva visita. Com la majoria dels llocs a internet, aquesta web utilitza cookies per:<\/p>\n<p>\u2013 Assegurar que les p\u00e0gines web poden funcionar<br \/>\n\u2013 Emmagatzemar les teves prefer\u00e8ncies, com l\u2019idioma que has seleccionat o la mida de lletra.<br \/>\n\u2013 Con\u00e8ixer la teva experi\u00e8ncia de navegaci\u00f3.<br \/>\n\u2013 Recopilar informaci\u00f3 estad\u00edstica an\u00f2nima, com quines p\u00e0gines has vist o quant de temps has estat en els nostres mitjans.<br \/>\n\u2013 L\u2019\u00fas de galetes ens permet optimitzar el teu navegaci\u00f3, adaptant la informaci\u00f3 i els serveis oferts als teus interessos, per proporcionar-te una millor experi\u00e8ncia sempre que visiteu la galeria.<\/p>\n<p>Aquest lloc utilitza galetes per funcionar, adaptar i facilitar al m\u00e0xim la navegaci\u00f3 de l\u2019Usuari.<\/p>\n<p>Les galetes s\u2019associen \u00fanicament a un usuari an\u00f2nim i el seu ordinador \/ dispositiu i no proporcionen refer\u00e8ncies que permetin con\u00e8ixer dades personals. En tot moment podr\u00e0s accedir a la configuraci\u00f3 del teu navegador per a modificar i \/ o bloquejar la instal\u00b7laci\u00f3 de les cookies enviades, sense que aix\u00f2 impedeixi l\u2019acc\u00e9s als continguts. No obstant aix\u00f2, la qualitat del funcionament dels Serveis es pot veure afectada.<\/p>\n<p>Els Usuaris que completin el proc\u00e9s de registre o hagin iniciat sessi\u00f3 amb les seves dades d\u2019acc\u00e9s podran accedir a serveis personalitzats i adaptats a les seves prefer\u00e8ncies segons la informaci\u00f3 personal subministrada en el moment del registre i l\u2019emmagatzemada a la Cookie del seu navegador.<\/p>\n<p><strong>\u00bfQuina \u00e9s la seva import\u00e0ncia?<\/strong><\/p>\n<p>\u2013 Des d\u2019un punt de vista t\u00e8cnic, permeten que els llocs web funcionin de forma m\u00e9s \u00e0gil i adaptada a les prefer\u00e8ncies dels usuaris, com ara emmagatzemar l\u2019idioma, la moneda del pa\u00eds o detectar el dispositiu d\u2019acc\u00e9s.<br \/>\n\u2013 Estableixen nivells de protecci\u00f3 i seguretat que Impedeixen o dificulten ciberatacs contra el lloc web o els seus usuaris.<br \/>\n\u2013 Permeten que els gestors dels mitjans puguin con\u00e8ixer dades estad\u00edstiques recopilades a les galetes per millorar la qualitat i experi\u00e8ncia dels seus serveis.<br \/>\n\u2013 Serveixen per optimitzar la publicitat que vam mostrar als usuaris, oferint la que m\u00e9s s\u2019ajusta als seus interessos.<\/p>\n<p>Quins s\u00f3n els diferents tipus de galetes que utilitza aquest servei?<\/p>\n<p>\u2013 Les de sessi\u00f3 expiren quan l\u2019Usuari abandona la p\u00e0gina o tanca el navegador, \u00e9s a dir, estan actives mentre dura la visita al lloc web i per tant s\u00f3n esborrades del nostre ordinador al abandonar-lo.<\/p>\n<p>\u2013 Les permanents expiren quan es compleix l\u2019objectiu per al que serveixen o b\u00e9 quan s\u2019esborren manualment, tenen data d\u2019esborrat i s\u2019utilitzen normalment en proc\u00e9s de compra en l\u00ednia, personalitzacions o en el registre, per no haver d\u2019introduir la nostra contrasenya constantment.<\/p>\n<p>D\u2019altra banda, segons qui sigui l\u2019entitat que gestioni l\u2019equip o domini des d\u2019on s\u2019envien les cookies i tracti les dades que s\u2019obtinguin, podem distingir entre Galetes pr\u00f2pies i de tercers.<\/p>\n<p>\u2013 Les galetes pr\u00f2pies s\u00f3n aquelles Galetes que s\u00f3n enviades al teu ordinador i gestionades exclusivament per nosaltres per al millor funcionament del Lloc Web. La informaci\u00f3 que recaptem s\u2019empra per millorar la qualitat del nostre servei i la teva experi\u00e8ncia com a usuari.<\/p>\n<p>\u2013 Si interactues amb el contingut del nostre lloc web tamb\u00e9 es poden establir galetes de tercers (per exemple, en pr\u00e9mer botons de xarxes socials o visionar v\u00eddeos allotjats en un altre lloc web), que s\u00f3n aquelles establertes per un domini diferent del nostre lloc web. No podem accedir a les dades emmagatzemades en les galetes d \u2018altres llocs web quan naveguis en els esmentats llocs web.<\/p>\n<p>Navegar per aquest servei suposa que es puguin instal\u00b7lar els seg\u00fcents tipus de galetes:<\/p>\n<p><strong>1. Galetes pr\u00f2pies<\/strong><\/p>\n<p>\u2013 Galetes de rendiment:<br \/>\nAquestes galetes s\u2019utilitzen per millorar la teva experi\u00e8ncia de navegaci\u00f3 i optimitzar el funcionament dels nostres llocs web. Emmagatzemen configuracions de serveis perqu\u00e8 no hagis de reconfigurar-cada vegada que ens visites.<\/p>\n<p>Exemples d\u2019\u00fas: Recordar el tipus d\u2019acc\u00e9s (versi\u00f3 M\u00f2bil o versi\u00f3 web), Recordar elements desplegats, Recordar \u00faltims continguts visitats, etc.<\/p>\n<p>\u2013 Galetes de Geolocalitzaci\u00f3:<br \/>\nAquestes galetes s\u2019utilitzen per emmagatzemar dades de geolocalitzaci\u00f3 de l\u2019ordinador o dispositiu per oferir continguts i serveis m\u00e9s adequats.<\/p>\n<p>Exemples d\u2019\u00fas: continguts segons el pa\u00eds d\u2019acc\u00e9s.<\/p>\n<p>\u2013 Galetes Anal\u00edtiques:<br \/>\nAquestes galetes serveixen per recopilar informaci\u00f3 an\u00f2nima d\u2019acc\u00e9s i experi\u00e8ncia de navegaci\u00f3, per exemple el temps total de navegaci\u00f3, les p\u00e0gines visitades, etc.<\/p>\n<p>Exemples d\u2019\u00fas: Comptabilitzar el nombre total de visitants, saps si l\u2019usuari \u00e9s nou o ja ha visitats el web anteriorment.<\/p>\n<p><strong>2. Galetes de tercers<\/strong><\/p>\n<p>\u2013 Galetes Anal\u00edtiques (2.1 Google Analytics)<br \/>\n\u2013 Galetes de Xarxes Socials i altres serveis integrats: en algunes p\u00e0gines hi ha la possibilitat d\u2019inserir continguts de tercers, compartir o interactuar amb xarxes socials. En aquests casos els serveis de tercers utilitzen galetes per oferir el servei.<\/p>\n<p>Actualment les xarxes socials i serveis integrats de tercers aix\u00ed com les seves respectives pol\u00edtiques de privacitat (enlla\u00e7ades) s\u00f3n: Google+, Twitter, Facebook, YouTube<\/p>\n<p><strong>2.1 Informaci\u00f3 sobre cookies: Google Analytics.<\/strong><\/p>\n<p>Aquesta p\u00e0gina web utilitza Google Analytics, un servei anal\u00edtic de web prestat per Google, Inc., una companyia de Delaware l\u2019oficina principal a 1600 Amphitheatre Parkway, Mountain View (Calif\u00f2rnia), CA 94043, Estats Units ( \u201cGoogle\u201d). Google Analytics utilitza \u201ccookies\u201d, que s\u00f3n arxius de text ubicats al seu ordinador, per ajudar al website a analitzar l\u2019\u00fas que fan els usuaris del lloc web. La informaci\u00f3 que genera la cookie sobre el seu \u00fas del website (incloent la seva adre\u00e7a IP) ser\u00e0 directament transmesa i arxivada per Google en els servidors d\u2019Estats Units. Google utilitzar\u00e0 aquesta informaci\u00f3 per compte nostre amb el prop\u00f2sit de seguir la pista del seu \u00fas del website, recopilant informes de l\u2019activitat del website i prestant altres serveis relacionats amb l\u2019activitat del website i l\u2019\u00fas d\u2019Internet. Google podr\u00e0 transmetre aquesta informaci\u00f3 a tercers quan aix\u00ed li ho requereixi la legislaci\u00f3, o quan aquests tercers processin la informaci\u00f3 per compte de Google. Google no associar\u00e0 la seva adre\u00e7a IP amb cap altra dada de qu\u00e8 disposi Google. Vost\u00e8 pot rebutjar el tractament de les dades o la informaci\u00f3 rebutjant l\u2019\u00fas de cookies mitjan\u00e7ant la selecci\u00f3 de la configuraci\u00f3 apropiada del seu navegador, per\u00f2, ha de saber que si ho fa pot ser que no pugui utilitzar la plena funcionalitat d\u2019aquest website. En utilitzar aquest lloc web vost\u00e8 consent el tractament d\u2019informaci\u00f3 sobre vost\u00e8 per Google en la forma i per als fins dalt indicats.<\/p>\n<p>Pol\u00edtica de privacitat de Google Analytics<\/p>\n<p>Desactivar l\u2019\u00fas de cookies des del navegador<\/p>\n<p>Pots desactivar l\u2019\u00fas de cookies mitjan\u00e7ant els controls disponibles al navegador. En les seg\u00fcents p\u00e0gines es troben les instruccions per fer-ho segons el tipus de navegador utilitzat:<\/p>\n<p>Google Chrome<br \/>\nFirefox<br \/>\nMicrosoft Internet Explorer<br \/>\nSafari per a Mac<br \/>\nSafari per iOS (iPad, iPhone, iPod touch)<br \/>\nAndroid<br \/>\nopera<br \/>\nBlackberry<\/p>\n<p>Altres navegadors: http:\/\/www.wikihow.com\/Disable-Cookies<\/p>\n<p>Si s\u2019opta per desactivar l\u2019\u00fas de cookies, algunes de les funcions del servei no estaran disponibles, no tindran plena funcionalitat o no s\u2019executessin com s\u2019espera (Per exemple: funcions de registre, inici de sessi\u00f3, personalitzaci\u00f3 de formats, \u00fas de xarxes socials, opci\u00f3 de recordar tipus d\u2019acc\u00e9s m\u00f2bil o web, etc).<\/p>\n<\/div>\n","protected":false},"excerpt":{"rendered":"<p>POL\u00cdTICA DE COOKIES En aquesta secci\u00f3 trobar\u00e0s la informaci\u00f3 sobre les cookies que es poden enviar o generar en usar aquest servei, aix\u00ed com el seu \u00fas i finalitat. Aquest servei web, com la majoria dels llocs a Internet, fa servir galetes per millorar i optimitzar l\u2019experi\u00e8ncia de l\u2019usuari. A continuaci\u00f3 trobar\u00e0s informaci\u00f3 detallada sobre [&hellip;]<\/p>\n","protected":false},"author":1,"featured_media":0,"parent":0,"menu_order":0,"comment_status":"closed","ping_status":"closed","template":"","meta":{"footnotes":""},"class_list":["post-32","page","type-page","status-publish","hentry"],"yoast_head":"<!-- This site is optimized with the Yoast SEO plugin v27.2 - https:\/\/yoast.com\/product\/yoast-seo-wordpress\/ -->\n<title>Pol\u00edtica de cookies &#8226; Estanterias de Almac\u00e9n<\/title>\n<meta name=\"robots\" content=\"noindex, follow\" \/>\n<meta property=\"og:locale\" content=\"ca_ES\" \/>\n<meta property=\"og:type\" content=\"article\" \/>\n<meta property=\"og:title\" content=\"Pol\u00edtica de cookies &#8226; Estanterias de Almac\u00e9n\" \/>\n<meta property=\"og:description\" content=\"POL\u00cdTICA DE COOKIES En aquesta secci\u00f3 trobar\u00e0s la informaci\u00f3 sobre les cookies que es poden enviar o generar en usar aquest servei, aix\u00ed com el seu \u00fas i finalitat. Aquest servei web, com la majoria dels llocs a Internet, fa servir galetes per millorar i optimitzar l\u2019experi\u00e8ncia de l\u2019usuari. A continuaci\u00f3 trobar\u00e0s informaci\u00f3 detallada sobre [&hellip;]\" \/>\n<meta property=\"og:url\" content=\"https:\/\/www.estanteriasdealmacen.com\/ca\/politica-de-cookies\/\" \/>\n<meta property=\"og:site_name\" content=\"Estanterias de Almac\u00e9n\" \/>\n<meta property=\"article:modified_time\" content=\"2020-07-03T19:57:20+00:00\" \/>\n<meta name=\"twitter:card\" content=\"summary_large_image\" \/>\n<meta name=\"twitter:label1\" content=\"Temps estimat de lectura\" \/>\n\t<meta name=\"twitter:data1\" content=\"7 minuts\" \/>\n<script type=\"application\/ld+json\" class=\"yoast-schema-graph\">{\"@context\":\"https:\/\/schema.org\",\"@graph\":[{\"@type\":\"WebPage\",\"@id\":\"https:\/\/www.estanteriasdealmacen.com\/ca\/politica-de-cookies\/\",\"url\":\"https:\/\/www.estanteriasdealmacen.com\/ca\/politica-de-cookies\/\",\"name\":\"Pol\u00edtica de cookies &#8226; Estanterias de Almac\u00e9n\",\"isPartOf\":{\"@id\":\"https:\/\/www.estanteriasdealmacen.com\/ca\/#website\"},\"datePublished\":\"2020-07-03T19:45:37+00:00\",\"dateModified\":\"2020-07-03T19:57:20+00:00\",\"breadcrumb\":{\"@id\":\"https:\/\/www.estanteriasdealmacen.com\/ca\/politica-de-cookies\/#breadcrumb\"},\"inLanguage\":\"ca\",\"potentialAction\":[{\"@type\":\"ReadAction\",\"target\":[\"https:\/\/www.estanteriasdealmacen.com\/ca\/politica-de-cookies\/\"]}]},{\"@type\":\"BreadcrumbList\",\"@id\":\"https:\/\/www.estanteriasdealmacen.com\/ca\/politica-de-cookies\/#breadcrumb\",\"itemListElement\":[{\"@type\":\"ListItem\",\"position\":1,\"name\":\"Portada\",\"item\":\"https:\/\/www.estanteriasdealmacen.com\/ca\/\"},{\"@type\":\"ListItem\",\"position\":2,\"name\":\"Pol\u00edtica de cookies\"}]},{\"@type\":\"WebSite\",\"@id\":\"https:\/\/www.estanteriasdealmacen.com\/ca\/#website\",\"url\":\"https:\/\/www.estanteriasdealmacen.com\/ca\/\",\"name\":\"Estanterias de Almac\u00e9n\",\"description\":\"FIOSA\",\"publisher\":{\"@id\":\"https:\/\/www.estanteriasdealmacen.com\/ca\/#organization\"},\"potentialAction\":[{\"@type\":\"SearchAction\",\"target\":{\"@type\":\"EntryPoint\",\"urlTemplate\":\"https:\/\/www.estanteriasdealmacen.com\/ca\/?s={search_term_string}\"},\"query-input\":{\"@type\":\"PropertyValueSpecification\",\"valueRequired\":true,\"valueName\":\"search_term_string\"}}],\"inLanguage\":\"ca\"},{\"@type\":\"Organization\",\"@id\":\"https:\/\/www.estanteriasdealmacen.com\/ca\/#organization\",\"name\":\"FIOSA\",\"url\":\"https:\/\/www.estanteriasdealmacen.com\/ca\/\",\"logo\":{\"@type\":\"ImageObject\",\"inLanguage\":\"ca\",\"@id\":\"https:\/\/www.estanteriasdealmacen.com\/ca\/#\/schema\/logo\/image\/\",\"url\":\"https:\/\/www.estanteriasdealmacen.com\/wp-content\/uploads\/2020\/07\/logo-fiosa.png\",\"contentUrl\":\"https:\/\/www.estanteriasdealmacen.com\/wp-content\/uploads\/2020\/07\/logo-fiosa.png\",\"width\":110,\"height\":100,\"caption\":\"FIOSA\"},\"image\":{\"@id\":\"https:\/\/www.estanteriasdealmacen.com\/ca\/#\/schema\/logo\/image\/\"}}]}<\/script>\n<!-- \/ Yoast SEO plugin. -->","yoast_head_json":{"title":"Pol\u00edtica de cookies &#8226; Estanterias de Almac\u00e9n","robots":{"index":"noindex","follow":"follow"},"og_locale":"ca_ES","og_type":"article","og_title":"Pol\u00edtica de cookies &#8226; Estanterias de Almac\u00e9n","og_description":"POL\u00cdTICA DE COOKIES En aquesta secci\u00f3 trobar\u00e0s la informaci\u00f3 sobre les cookies que es poden enviar o generar en usar aquest servei, aix\u00ed com el seu \u00fas i finalitat. Aquest servei web, com la majoria dels llocs a Internet, fa servir galetes per millorar i optimitzar l\u2019experi\u00e8ncia de l\u2019usuari. A continuaci\u00f3 trobar\u00e0s informaci\u00f3 detallada sobre [&hellip;]","og_url":"https:\/\/www.estanteriasdealmacen.com\/ca\/politica-de-cookies\/","og_site_name":"Estanterias de Almac\u00e9n","article_modified_time":"2020-07-03T19:57:20+00:00","twitter_card":"summary_large_image","twitter_misc":{"Temps estimat de lectura":"7 minuts"},"schema":{"@context":"https:\/\/schema.org","@graph":[{"@type":"WebPage","@id":"https:\/\/www.estanteriasdealmacen.com\/ca\/politica-de-cookies\/","url":"https:\/\/www.estanteriasdealmacen.com\/ca\/politica-de-cookies\/","name":"Pol\u00edtica de cookies &#8226; Estanterias de Almac\u00e9n","isPartOf":{"@id":"https:\/\/www.estanteriasdealmacen.com\/ca\/#website"},"datePublished":"2020-07-03T19:45:37+00:00","dateModified":"2020-07-03T19:57:20+00:00","breadcrumb":{"@id":"https:\/\/www.estanteriasdealmacen.com\/ca\/politica-de-cookies\/#breadcrumb"},"inLanguage":"ca","potentialAction":[{"@type":"ReadAction","target":["https:\/\/www.estanteriasdealmacen.com\/ca\/politica-de-cookies\/"]}]},{"@type":"BreadcrumbList","@id":"https:\/\/www.estanteriasdealmacen.com\/ca\/politica-de-cookies\/#breadcrumb","itemListElement":[{"@type":"ListItem","position":1,"name":"Portada","item":"https:\/\/www.estanteriasdealmacen.com\/ca\/"},{"@type":"ListItem","position":2,"name":"Pol\u00edtica de cookies"}]},{"@type":"WebSite","@id":"https:\/\/www.estanteriasdealmacen.com\/ca\/#website","url":"https:\/\/www.estanteriasdealmacen.com\/ca\/","name":"Estanterias de Almac\u00e9n","description":"FIOSA","publisher":{"@id":"https:\/\/www.estanteriasdealmacen.com\/ca\/#organization"},"potentialAction":[{"@type":"SearchAction","target":{"@type":"EntryPoint","urlTemplate":"https:\/\/www.estanteriasdealmacen.com\/ca\/?s={search_term_string}"},"query-input":{"@type":"PropertyValueSpecification","valueRequired":true,"valueName":"search_term_string"}}],"inLanguage":"ca"},{"@type":"Organization","@id":"https:\/\/www.estanteriasdealmacen.com\/ca\/#organization","name":"FIOSA","url":"https:\/\/www.estanteriasdealmacen.com\/ca\/","logo":{"@type":"ImageObject","inLanguage":"ca","@id":"https:\/\/www.estanteriasdealmacen.com\/ca\/#\/schema\/logo\/image\/","url":"https:\/\/www.estanteriasdealmacen.com\/wp-content\/uploads\/2020\/07\/logo-fiosa.png","contentUrl":"https:\/\/www.estanteriasdealmacen.com\/wp-content\/uploads\/2020\/07\/logo-fiosa.png","width":110,"height":100,"caption":"FIOSA"},"image":{"@id":"https:\/\/www.estanteriasdealmacen.com\/ca\/#\/schema\/logo\/image\/"}}]}},"_links":{"self":[{"href":"https:\/\/www.estanteriasdealmacen.com\/ca\/wp-json\/wp\/v2\/pages\/32","targetHints":{"allow":["GET"]}}],"collection":[{"href":"https:\/\/www.estanteriasdealmacen.com\/ca\/wp-json\/wp\/v2\/pages"}],"about":[{"href":"https:\/\/www.estanteriasdealmacen.com\/ca\/wp-json\/wp\/v2\/types\/page"}],"author":[{"embeddable":true,"href":"https:\/\/www.estanteriasdealmacen.com\/ca\/wp-json\/wp\/v2\/users\/1"}],"replies":[{"embeddable":true,"href":"https:\/\/www.estanteriasdealmacen.com\/ca\/wp-json\/wp\/v2\/comments?post=32"}],"version-history":[{"count":1,"href":"https:\/\/www.estanteriasdealmacen.com\/ca\/wp-json\/wp\/v2\/pages\/32\/revisions"}],"predecessor-version":[{"id":40,"href":"https:\/\/www.estanteriasdealmacen.com\/ca\/wp-json\/wp\/v2\/pages\/32\/revisions\/40"}],"wp:attachment":[{"href":"https:\/\/www.estanteriasdealmacen.com\/ca\/wp-json\/wp\/v2\/media?parent=32"}],"curies":[{"name":"wp","href":"https:\/\/api.w.org\/{rel}","templated":true}]}}